{"id":245,"date":"2024-11-28T18:38:39","date_gmt":"2024-11-28T16:38:39","guid":{"rendered":"https:\/\/natur-sinne.ch\/?page_id=245"},"modified":"2024-11-28T18:38:39","modified_gmt":"2024-11-28T16:38:39","slug":"impressum","status":"publish","type":"page","link":"https:\/\/natur-sinne.ch\/?page_id=245","title":{"rendered":"Impressum"},"content":{"rendered":"\n<details class=\"wp-block-details is-layout-flow wp-block-details-is-layout-flow\"><summary>Natur-Sinne.ch<br>Sarah Schwegler<br>Haslen 223<br>8737 Gommiswald<br>Mobile 079 705 82 16<br>Mail: <a href=\"mailto:info@natur-sinne.ch\">info@natur-sinne.ch<\/a> \u00a0<br>\u00a0<br>Verantwortlich f\u00fcr den Inhalt: Sarah Schwegler<br>\u200b<br><strong>Haftungsausschluss<\/strong><br>Der Autor \u00fcbernimmt keinerlei Gew\u00e4hr hinsichtlich der inhaltlichen Richtigkeit, Genauigkeit, Aktualit\u00e4t, Zuverl\u00e4ssigkeit und Vollst\u00e4ndigkeit der Informationen. Haftungsanspr\u00fcche gegen den Autor wegen Sch\u00e4den materieller oder immaterieller Art, welche aus dem Zugriff oder der Nutzung bzw. Nichtnutzung der ver\u00f6ffentlichten Informationen, durch Missbrauch der Verbindung oder durch technische St\u00f6rungen entstanden sind, werden ausgeschlossen.<br>Alle Angebote sind unverbindlich. Der Autor beh\u00e4lt es sich ausdr\u00fccklich vor, Teile der Seiten oder das gesamte Angebot ohne gesonderte Ank\u00fcndigung zu ver\u00e4ndern, zu erg\u00e4nzen, zu l\u00f6schen oder die Ver\u00f6ffentlichung zeitweise oder endg\u00fcltig einzustellen.<br>\u200b<br><strong>Haftung f\u00fcr Links<\/strong><br>Verweise und Links auf Webseiten Dritter liegen ausserhalb unseres Verantwortungsbereichs Es wird jegliche Verantwortung f\u00fcr solche Webseiten abgelehnt. Der Zugriff und die Nutzung solcher Webseiten erfolgen auf eigene Gefahr des Nutzers oder der Nutzerin.<br>\u200b<br><strong>Urheberrechte<\/strong><br>Die Urheber- und alle anderen Rechte an Inhalten, Bildern, Fotos oder anderen Dateien auf der Website geh\u00f6ren ausschliesslich Natur-Sinne oder den speziell genannten Rechtsinhabern. F\u00fcr die Reproduktion jeglicher Elemente ist die schriftliche Zustimmung der Urheberrechtstr\u00e4ger im Voraus einzuholen.<br>\u200b<br>\u00a0<br>Gommiswald 2024<\/summary>\n<div class=\"wp-block-uagb-info-box uagb-block-f6077129 uagb-infobox__content-wrap  uagb-infobox-icon-above-title uagb-infobox-image-valign-top\"><div class=\"uagb-ifb-content\"><div class=\"uagb-ifb-icon-wrap\"><svg xmlns=\"https:\/\/www.w3.org\/2000\/svg\" viewBox=\"0 0 512 512\"><path d=\"M0 256C0 114.6 114.6 0 256 0C397.4 0 512 114.6 512 256C512 397.4 397.4 512 256 512C114.6 512 0 397.4 0 256zM371.8 211.8C382.7 200.9 382.7 183.1 371.8 172.2C360.9 161.3 343.1 161.3 332.2 172.2L224 280.4L179.8 236.2C168.9 225.3 151.1 225.3 140.2 236.2C129.3 247.1 129.3 264.9 140.2 275.8L204.2 339.8C215.1 350.7 232.9 350.7 243.8 339.8L371.8 211.8z\"><\/path><\/svg><\/div><div class=\"uagb-ifb-title-wrap\"><h3 class=\"uagb-ifb-title\">Info Box<\/h3><\/div><p class=\"uagb-ifb-desc\">Click here to change this text. Lorem ipsum dolor sit amet, consectetur adipiscing elit. Ut elit tellus, luctus nec ullamcorper mattis, pulvinar dapibus leo.<\/p><\/div><\/div>\n<\/details>\n\n\n\n<p><\/p>\n","protected":false},"excerpt":{"rendered":"","protected":false},"author":1,"featured_media":0,"parent":0,"menu_order":0,"comment_status":"closed","ping_status":"closed","template":"","meta":{"saved_in_kubio":false,"inspiro_hide_title":false,"footnotes":""},"class_list":["post-245","page","type-page","status-publish","hentry"],"kubio_ai_page_context":{"short_desc":"","purpose":"general"},"yoast_head":"<!-- This site is optimized with the Yoast SEO plugin v27.4 - https:\/\/yoast.com\/product\/yoast-seo-wordpress\/ -->\n<title>Impressum - Natur - Sinne<\/title>\n<meta name=\"robots\" content=\"index, follow, max-snippet:-1, max-image-preview:large, max-video-preview:-1\" \/>\n<link rel=\"canonical\" href=\"https:\/\/natur-sinne.ch\/?page_id=245\" \/>\n<meta property=\"og:locale\" content=\"de_DE\" \/>\n<meta property=\"og:type\" content=\"article\" \/>\n<meta property=\"og:title\" content=\"Impressum - Natur - Sinne\" \/>\n<meta property=\"og:url\" content=\"https:\/\/natur-sinne.ch\/?page_id=245\" \/>\n<meta property=\"og:site_name\" content=\"Natur - Sinne\" \/>\n<meta name=\"twitter:card\" content=\"summary_large_image\" \/>\n<meta name=\"twitter:label1\" content=\"Gesch\u00e4tzte Lesezeit\" \/>\n\t<meta name=\"twitter:data1\" content=\"1\u00a0Minute\" \/>\n<script type=\"application\/ld+json\" class=\"yoast-schema-graph\">{\"@context\":\"https:\\\/\\\/schema.org\",\"@graph\":[{\"@type\":\"WebPage\",\"@id\":\"https:\\\/\\\/natur-sinne.ch\\\/?page_id=245\",\"url\":\"https:\\\/\\\/natur-sinne.ch\\\/?page_id=245\",\"name\":\"Impressum - Natur - Sinne\",\"isPartOf\":{\"@id\":\"https:\\\/\\\/natur-sinne.ch\\\/#website\"},\"datePublished\":\"2024-11-28T16:38:39+00:00\",\"breadcrumb\":{\"@id\":\"https:\\\/\\\/natur-sinne.ch\\\/?page_id=245#breadcrumb\"},\"inLanguage\":\"de\",\"potentialAction\":[{\"@type\":\"ReadAction\",\"target\":[\"https:\\\/\\\/natur-sinne.ch\\\/?page_id=245\"]}]},{\"@type\":\"BreadcrumbList\",\"@id\":\"https:\\\/\\\/natur-sinne.ch\\\/?page_id=245#breadcrumb\",\"itemListElement\":[{\"@type\":\"ListItem\",\"position\":1,\"name\":\"Startseite\",\"item\":\"https:\\\/\\\/natur-sinne.ch\\\/\"},{\"@type\":\"ListItem\",\"position\":2,\"name\":\"Impressum\"}]},{\"@type\":\"WebSite\",\"@id\":\"https:\\\/\\\/natur-sinne.ch\\\/#website\",\"url\":\"https:\\\/\\\/natur-sinne.ch\\\/\",\"name\":\"Natur - Sinne\",\"description\":\"Erlebe und Sp\u00fcre die Natur mit allen Sinnen, lass auch Dich von Ihr ber\u00fchren\",\"publisher\":{\"@id\":\"https:\\\/\\\/natur-sinne.ch\\\/#organization\"},\"potentialAction\":[{\"@type\":\"SearchAction\",\"target\":{\"@type\":\"EntryPoint\",\"urlTemplate\":\"https:\\\/\\\/natur-sinne.ch\\\/?s={search_term_string}\"},\"query-input\":{\"@type\":\"PropertyValueSpecification\",\"valueRequired\":true,\"valueName\":\"search_term_string\"}}],\"inLanguage\":\"de\"},{\"@type\":\"Organization\",\"@id\":\"https:\\\/\\\/natur-sinne.ch\\\/#organization\",\"name\":\"Natur - Sinne\",\"url\":\"https:\\\/\\\/natur-sinne.ch\\\/\",\"logo\":{\"@type\":\"ImageObject\",\"inLanguage\":\"de\",\"@id\":\"https:\\\/\\\/natur-sinne.ch\\\/#\\\/schema\\\/logo\\\/image\\\/\",\"url\":\"https:\\\/\\\/natur-sinne.ch\\\/wp-content\\\/uploads\\\/2024\\\/11\\\/Logo-Natur-Sinne_mit-hintergrund.png\",\"contentUrl\":\"https:\\\/\\\/natur-sinne.ch\\\/wp-content\\\/uploads\\\/2024\\\/11\\\/Logo-Natur-Sinne_mit-hintergrund.png\",\"width\":1563,\"height\":1563,\"caption\":\"Natur - Sinne\"},\"image\":{\"@id\":\"https:\\\/\\\/natur-sinne.ch\\\/#\\\/schema\\\/logo\\\/image\\\/\"},\"sameAs\":[\"https:\\\/\\\/www.instagram.com\\\/_natur_sinne_\\\/\"]}]}<\/script>\n<!-- \/ Yoast SEO plugin. -->","yoast_head_json":{"title":"Impressum - Natur - Sinne","robots":{"index":"index","follow":"follow","max-snippet":"max-snippet:-1","max-image-preview":"max-image-preview:large","max-video-preview":"max-video-preview:-1"},"canonical":"https:\/\/natur-sinne.ch\/?page_id=245","og_locale":"de_DE","og_type":"article","og_title":"Impressum - Natur - Sinne","og_url":"https:\/\/natur-sinne.ch\/?page_id=245","og_site_name":"Natur - Sinne","twitter_card":"summary_large_image","twitter_misc":{"Gesch\u00e4tzte Lesezeit":"1\u00a0Minute"},"schema":{"@context":"https:\/\/schema.org","@graph":[{"@type":"WebPage","@id":"https:\/\/natur-sinne.ch\/?page_id=245","url":"https:\/\/natur-sinne.ch\/?page_id=245","name":"Impressum - Natur - Sinne","isPartOf":{"@id":"https:\/\/natur-sinne.ch\/#website"},"datePublished":"2024-11-28T16:38:39+00:00","breadcrumb":{"@id":"https:\/\/natur-sinne.ch\/?page_id=245#breadcrumb"},"inLanguage":"de","potentialAction":[{"@type":"ReadAction","target":["https:\/\/natur-sinne.ch\/?page_id=245"]}]},{"@type":"BreadcrumbList","@id":"https:\/\/natur-sinne.ch\/?page_id=245#breadcrumb","itemListElement":[{"@type":"ListItem","position":1,"name":"Startseite","item":"https:\/\/natur-sinne.ch\/"},{"@type":"ListItem","position":2,"name":"Impressum"}]},{"@type":"WebSite","@id":"https:\/\/natur-sinne.ch\/#website","url":"https:\/\/natur-sinne.ch\/","name":"Natur - Sinne","description":"Erlebe und Sp\u00fcre die Natur mit allen Sinnen, lass auch Dich von Ihr ber\u00fchren","publisher":{"@id":"https:\/\/natur-sinne.ch\/#organization"},"potentialAction":[{"@type":"SearchAction","target":{"@type":"EntryPoint","urlTemplate":"https:\/\/natur-sinne.ch\/?s={search_term_string}"},"query-input":{"@type":"PropertyValueSpecification","valueRequired":true,"valueName":"search_term_string"}}],"inLanguage":"de"},{"@type":"Organization","@id":"https:\/\/natur-sinne.ch\/#organization","name":"Natur - Sinne","url":"https:\/\/natur-sinne.ch\/","logo":{"@type":"ImageObject","inLanguage":"de","@id":"https:\/\/natur-sinne.ch\/#\/schema\/logo\/image\/","url":"https:\/\/natur-sinne.ch\/wp-content\/uploads\/2024\/11\/Logo-Natur-Sinne_mit-hintergrund.png","contentUrl":"https:\/\/natur-sinne.ch\/wp-content\/uploads\/2024\/11\/Logo-Natur-Sinne_mit-hintergrund.png","width":1563,"height":1563,"caption":"Natur - Sinne"},"image":{"@id":"https:\/\/natur-sinne.ch\/#\/schema\/logo\/image\/"},"sameAs":["https:\/\/www.instagram.com\/_natur_sinne_\/"]}]}},"_links":{"self":[{"href":"https:\/\/natur-sinne.ch\/index.php?rest_route=\/wp\/v2\/pages\/245","targetHints":{"allow":["GET"]}}],"collection":[{"href":"https:\/\/natur-sinne.ch\/index.php?rest_route=\/wp\/v2\/pages"}],"about":[{"href":"https:\/\/natur-sinne.ch\/index.php?rest_route=\/wp\/v2\/types\/page"}],"author":[{"embeddable":true,"href":"https:\/\/natur-sinne.ch\/index.php?rest_route=\/wp\/v2\/users\/1"}],"replies":[{"embeddable":true,"href":"https:\/\/natur-sinne.ch\/index.php?rest_route=%2Fwp%2Fv2%2Fcomments&post=245"}],"version-history":[{"count":1,"href":"https:\/\/natur-sinne.ch\/index.php?rest_route=\/wp\/v2\/pages\/245\/revisions"}],"predecessor-version":[{"id":247,"href":"https:\/\/natur-sinne.ch\/index.php?rest_route=\/wp\/v2\/pages\/245\/revisions\/247"}],"wp:attachment":[{"href":"https:\/\/natur-sinne.ch\/index.php?rest_route=%2Fwp%2Fv2%2Fmedia&parent=245"}],"curies":[{"name":"wp","href":"https:\/\/api.w.org\/{rel}","templated":true}]}}