{"id":251,"date":"2024-11-28T18:42:02","date_gmt":"2024-11-28T16:42:02","guid":{"rendered":"https:\/\/natur-sinne.ch\/?page_id=251"},"modified":"2024-11-28T18:42:02","modified_gmt":"2024-11-28T16:42:02","slug":"datenschutz","status":"publish","type":"page","link":"https:\/\/natur-sinne.ch\/?page_id=251","title":{"rendered":"Datenschutz"},"content":{"rendered":"\n<details class=\"wp-block-details is-layout-flow wp-block-details-is-layout-flow\"><summary>Gest\u00fctzt auf Artikel 13 der schweizerischen Bundesverfassung und die datenschutzrechtlichen Bestimmungen des Bundes (Datenschutzgesetz, DSG) hat jede Person Anspruch auf Schutz ihrer Privatsph\u00e4re, sowie auf Schutz vor Missbrauch ihrer pers\u00f6nlichen Daten. Wir halten diese Bestimmungen ein. Pers\u00f6nliche Daten werden streng vertraulich behandelt und weder an Dritte verkauft noch weitergegeben.<br>In enger Zusammenarbeit mit unseren Hosting-Providern bem\u00fchen wir uns, die Datenbanken so gut wie m\u00f6glich vor fremden Zugriffen, Verlusten, Missbrauch oder vor F\u00e4lschung zu sch\u00fctzen.<br>Beim Zugriff auf unsere Webseiten werden folgende Daten in Logfiles gespeichert: IP-Adresse, Datum, Uhrzeit, Browser-Anfrage und allg. \u00fcbertragene Informationen zum Betriebssystem resp. Browser. Diese Nutzungsdaten bilden die Basis f\u00fcr statistische, anonyme Auswertungen, so dass Trends erkennbar sind, anhand derer wir unsere Angebote entsprechend verbessern k\u00f6nnen.<br>\u200b<br><strong>Kontaktaufnahme<\/strong><br>Bei der Kontaktaufnahme mit dem Anbieter (zum Beispiel per Kontaktformular oder E-Mail) werden die Angaben des Nutzers zwecks Bearbeitung der Anfrage sowie f\u00fcr den Fall, dass Anschlussfragen entstehen, gespeichert.<br>\u00a0\u200b<br><strong>Datenschutzerkl\u00e4rung f\u00fcr die Nutzung von Google Analytics<\/strong><br>Diese Website benutzt Google Analytics, einen Webanalysedienst der Google Inc. (\u201eGoogle\u201c). Google Analytics verwendet sog. \u201eCookies\u201c, Textdateien, die auf Ihrem Computer gespeichert werden und die eine Analyse der Benutzung der Website durch Sie erm\u00f6glichen. Die durch den Cookie erzeugten Informationen \u00fcber Ihre Benutzung dieser Website werden in der Regel an einen Server von Google in den USA \u00fcbertragen und dort gespeichert. Im Falle der Aktivierung der IP-Anonymisierung auf dieser Webseite wird Ihre IP-Adresse von Google jedoch innerhalb von Mitgliedstaaten der Europ\u00e4ischen Union oder in anderen Vertragsstaaten des Abkommens \u00fcber den Europ\u00e4ischen Wirtschaftsraum zuvor gek\u00fcrzt.<br>Nur in Ausnahmef\u00e4llen wird die volle IP-Adresse an einen Server von Google in den USA \u00fcbertragen und dort gek\u00fcrzt. Google wird diese Informationen benutzen, um Ihre Nutzung der Website auszuwerten, um Reports \u00fcber die Websiteaktivit\u00e4ten f\u00fcr die Websitebetreiber zusammenzustellen und um weitere mit der Websitenutzung und der Internetnutzung verbundene Dienstleistungen zu erbringen. Auch wird Google diese Informationen gegebenenfalls an Dritte \u00fcbertragen, sofern dies gesetzlich vorgeschrieben oder soweit Dritte diese Daten im Auftrag von Google verarbeiten. Die im Rahmen von Google Analytics von Ihrem Browser \u00fcbermittelte IP-Adresse wird nicht mit anderen Daten von Google zusammengef\u00fchrt.<br>Sie k\u00f6nnen die Installation der Cookies durch eine entsprechende Einstellung Ihrer Browser Software verhindern; wir weisen Sie jedoch darauf hin, dass Sie in diesem Fall gegebenenfalls nicht s\u00e4mtliche Funktionen dieser Website voll umf\u00e4nglich nutzen k\u00f6nnen. Durch die Nutzung dieser Website erkl\u00e4ren Sie sich mit der Bearbeitung der \u00fcber Sie erhobenen Daten durch Google in der zuvor beschriebenen Art und Weise und zu dem zuvor benannten Zweck einverstanden.<br>\u200b<br><strong>Datenschutzerkl\u00e4rung f\u00fcr die Nutzung von Instagram<\/strong><br>Auf unseren Seiten sind Funktionen des Dienstes Instagram eingebunden. Diese Funktionen werden angeboten durch die Instagram Inc., 1601 Willow Road, Menlo Park, CA, 94025, USA integriert. Wenn Sie in Ihrem Instagram \u2013 Account eingeloggt sind k\u00f6nnen Sie durch Anklicken des Instagram \u2013 Buttons die Inhalte unserer Seiten mit Ihrem Instagram \u2013 Profil verlinken. Dadurch kann Instagram den Besuch unserer Seiten Ihrem Benutzerkonto zuordnen. Wir weisen darauf hin, dass wir als Anbieter der Seiten keine Kenntnis vom Inhalt der \u00fcbermittelten Daten sowie deren Nutzung durch Instagram erhalten.<br>Weitere Informationen hierzu finden Sie in der Datenschutzerkl\u00e4rung von Instagram:\u00a0<a href=\"http:\/\/instagram.com\/about\/legal\/privacy\/\" target=\"_blank\" rel=\"noreferrer noopener\">http:\/\/instagram.com\/about\/legal\/privacy\/<\/a><br>\u00a0<br>\u200b<br>\u00a0<br>Gommiswald 2024<\/summary><\/details>\n","protected":false},"excerpt":{"rendered":"","protected":false},"author":1,"featured_media":0,"parent":0,"menu_order":0,"comment_status":"closed","ping_status":"closed","template":"","meta":{"saved_in_kubio":false,"inspiro_hide_title":false,"footnotes":""},"class_list":["post-251","page","type-page","status-publish","hentry"],"kubio_ai_page_context":{"short_desc":"","purpose":"general"},"yoast_head":"<!-- This site is optimized with the Yoast SEO plugin v27.4 - https:\/\/yoast.com\/product\/yoast-seo-wordpress\/ -->\n<title>Datenschutz - Natur - Sinne<\/title>\n<meta name=\"robots\" content=\"index, follow, max-snippet:-1, max-image-preview:large, max-video-preview:-1\" \/>\n<link rel=\"canonical\" href=\"https:\/\/natur-sinne.ch\/?page_id=251\" \/>\n<meta property=\"og:locale\" content=\"de_DE\" \/>\n<meta property=\"og:type\" content=\"article\" \/>\n<meta property=\"og:title\" content=\"Datenschutz - Natur - Sinne\" \/>\n<meta property=\"og:url\" content=\"https:\/\/natur-sinne.ch\/?page_id=251\" \/>\n<meta property=\"og:site_name\" content=\"Natur - Sinne\" \/>\n<meta name=\"twitter:card\" content=\"summary_large_image\" \/>\n<meta name=\"twitter:label1\" content=\"Gesch\u00e4tzte Lesezeit\" \/>\n\t<meta name=\"twitter:data1\" content=\"3\u00a0Minuten\" \/>\n<script type=\"application\/ld+json\" class=\"yoast-schema-graph\">{\"@context\":\"https:\\\/\\\/schema.org\",\"@graph\":[{\"@type\":\"WebPage\",\"@id\":\"https:\\\/\\\/natur-sinne.ch\\\/?page_id=251\",\"url\":\"https:\\\/\\\/natur-sinne.ch\\\/?page_id=251\",\"name\":\"Datenschutz - Natur - Sinne\",\"isPartOf\":{\"@id\":\"https:\\\/\\\/natur-sinne.ch\\\/#website\"},\"datePublished\":\"2024-11-28T16:42:02+00:00\",\"breadcrumb\":{\"@id\":\"https:\\\/\\\/natur-sinne.ch\\\/?page_id=251#breadcrumb\"},\"inLanguage\":\"de\",\"potentialAction\":[{\"@type\":\"ReadAction\",\"target\":[\"https:\\\/\\\/natur-sinne.ch\\\/?page_id=251\"]}]},{\"@type\":\"BreadcrumbList\",\"@id\":\"https:\\\/\\\/natur-sinne.ch\\\/?page_id=251#breadcrumb\",\"itemListElement\":[{\"@type\":\"ListItem\",\"position\":1,\"name\":\"Startseite\",\"item\":\"https:\\\/\\\/natur-sinne.ch\\\/\"},{\"@type\":\"ListItem\",\"position\":2,\"name\":\"Datenschutz\"}]},{\"@type\":\"WebSite\",\"@id\":\"https:\\\/\\\/natur-sinne.ch\\\/#website\",\"url\":\"https:\\\/\\\/natur-sinne.ch\\\/\",\"name\":\"Natur - Sinne\",\"description\":\"Erlebe und Sp\u00fcre die Natur mit allen Sinnen, lass auch Dich von Ihr ber\u00fchren\",\"publisher\":{\"@id\":\"https:\\\/\\\/natur-sinne.ch\\\/#organization\"},\"potentialAction\":[{\"@type\":\"SearchAction\",\"target\":{\"@type\":\"EntryPoint\",\"urlTemplate\":\"https:\\\/\\\/natur-sinne.ch\\\/?s={search_term_string}\"},\"query-input\":{\"@type\":\"PropertyValueSpecification\",\"valueRequired\":true,\"valueName\":\"search_term_string\"}}],\"inLanguage\":\"de\"},{\"@type\":\"Organization\",\"@id\":\"https:\\\/\\\/natur-sinne.ch\\\/#organization\",\"name\":\"Natur - Sinne\",\"url\":\"https:\\\/\\\/natur-sinne.ch\\\/\",\"logo\":{\"@type\":\"ImageObject\",\"inLanguage\":\"de\",\"@id\":\"https:\\\/\\\/natur-sinne.ch\\\/#\\\/schema\\\/logo\\\/image\\\/\",\"url\":\"https:\\\/\\\/natur-sinne.ch\\\/wp-content\\\/uploads\\\/2024\\\/11\\\/Logo-Natur-Sinne_mit-hintergrund.png\",\"contentUrl\":\"https:\\\/\\\/natur-sinne.ch\\\/wp-content\\\/uploads\\\/2024\\\/11\\\/Logo-Natur-Sinne_mit-hintergrund.png\",\"width\":1563,\"height\":1563,\"caption\":\"Natur - Sinne\"},\"image\":{\"@id\":\"https:\\\/\\\/natur-sinne.ch\\\/#\\\/schema\\\/logo\\\/image\\\/\"},\"sameAs\":[\"https:\\\/\\\/www.instagram.com\\\/_natur_sinne_\\\/\"]}]}<\/script>\n<!-- \/ Yoast SEO plugin. -->","yoast_head_json":{"title":"Datenschutz - Natur - Sinne","robots":{"index":"index","follow":"follow","max-snippet":"max-snippet:-1","max-image-preview":"max-image-preview:large","max-video-preview":"max-video-preview:-1"},"canonical":"https:\/\/natur-sinne.ch\/?page_id=251","og_locale":"de_DE","og_type":"article","og_title":"Datenschutz - Natur - Sinne","og_url":"https:\/\/natur-sinne.ch\/?page_id=251","og_site_name":"Natur - Sinne","twitter_card":"summary_large_image","twitter_misc":{"Gesch\u00e4tzte Lesezeit":"3\u00a0Minuten"},"schema":{"@context":"https:\/\/schema.org","@graph":[{"@type":"WebPage","@id":"https:\/\/natur-sinne.ch\/?page_id=251","url":"https:\/\/natur-sinne.ch\/?page_id=251","name":"Datenschutz - Natur - Sinne","isPartOf":{"@id":"https:\/\/natur-sinne.ch\/#website"},"datePublished":"2024-11-28T16:42:02+00:00","breadcrumb":{"@id":"https:\/\/natur-sinne.ch\/?page_id=251#breadcrumb"},"inLanguage":"de","potentialAction":[{"@type":"ReadAction","target":["https:\/\/natur-sinne.ch\/?page_id=251"]}]},{"@type":"BreadcrumbList","@id":"https:\/\/natur-sinne.ch\/?page_id=251#breadcrumb","itemListElement":[{"@type":"ListItem","position":1,"name":"Startseite","item":"https:\/\/natur-sinne.ch\/"},{"@type":"ListItem","position":2,"name":"Datenschutz"}]},{"@type":"WebSite","@id":"https:\/\/natur-sinne.ch\/#website","url":"https:\/\/natur-sinne.ch\/","name":"Natur - Sinne","description":"Erlebe und Sp\u00fcre die Natur mit allen Sinnen, lass auch Dich von Ihr ber\u00fchren","publisher":{"@id":"https:\/\/natur-sinne.ch\/#organization"},"potentialAction":[{"@type":"SearchAction","target":{"@type":"EntryPoint","urlTemplate":"https:\/\/natur-sinne.ch\/?s={search_term_string}"},"query-input":{"@type":"PropertyValueSpecification","valueRequired":true,"valueName":"search_term_string"}}],"inLanguage":"de"},{"@type":"Organization","@id":"https:\/\/natur-sinne.ch\/#organization","name":"Natur - Sinne","url":"https:\/\/natur-sinne.ch\/","logo":{"@type":"ImageObject","inLanguage":"de","@id":"https:\/\/natur-sinne.ch\/#\/schema\/logo\/image\/","url":"https:\/\/natur-sinne.ch\/wp-content\/uploads\/2024\/11\/Logo-Natur-Sinne_mit-hintergrund.png","contentUrl":"https:\/\/natur-sinne.ch\/wp-content\/uploads\/2024\/11\/Logo-Natur-Sinne_mit-hintergrund.png","width":1563,"height":1563,"caption":"Natur - Sinne"},"image":{"@id":"https:\/\/natur-sinne.ch\/#\/schema\/logo\/image\/"},"sameAs":["https:\/\/www.instagram.com\/_natur_sinne_\/"]}]}},"_links":{"self":[{"href":"https:\/\/natur-sinne.ch\/index.php?rest_route=\/wp\/v2\/pages\/251","targetHints":{"allow":["GET"]}}],"collection":[{"href":"https:\/\/natur-sinne.ch\/index.php?rest_route=\/wp\/v2\/pages"}],"about":[{"href":"https:\/\/natur-sinne.ch\/index.php?rest_route=\/wp\/v2\/types\/page"}],"author":[{"embeddable":true,"href":"https:\/\/natur-sinne.ch\/index.php?rest_route=\/wp\/v2\/users\/1"}],"replies":[{"embeddable":true,"href":"https:\/\/natur-sinne.ch\/index.php?rest_route=%2Fwp%2Fv2%2Fcomments&post=251"}],"version-history":[{"count":1,"href":"https:\/\/natur-sinne.ch\/index.php?rest_route=\/wp\/v2\/pages\/251\/revisions"}],"predecessor-version":[{"id":253,"href":"https:\/\/natur-sinne.ch\/index.php?rest_route=\/wp\/v2\/pages\/251\/revisions\/253"}],"wp:attachment":[{"href":"https:\/\/natur-sinne.ch\/index.php?rest_route=%2Fwp%2Fv2%2Fmedia&parent=251"}],"curies":[{"name":"wp","href":"https:\/\/api.w.org\/{rel}","templated":true}]}}